{"id":21,"date":"2013-01-25T18:34:32","date_gmt":"2013-01-25T17:34:32","guid":{"rendered":"http:\/\/www.lion-of-judah.eu\/cez\/?page_id=2"},"modified":"2026-01-24T12:47:01","modified_gmt":"2026-01-24T11:47:01","slug":"beispiel-seite","status":"publish","type":"page","link":"https:\/\/wohlergehen.lion-of-judah.net\/","title":{"rendered":"Willkommen"},"content":{"rendered":"<p>Du findest hier Tipps und Wissen zur Erhaltung und Wiederherstellung Deiner Gesundheit\u2026 einfach, umsetzbar und f\u00fcr jeden ver<span class=\"text_exposed_show\">st\u00e4ndlich\u2026Jedoch ersetzt dies nicht die Diagnose eines Arztes und wir \u00fcbernehmen keinerlei Verantwortung f\u00fcr eventuelle Nebenwirkungen.<br \/>\nDie Bibel hat viel \u00fcber Gesundheit, Ern\u00e4hrung und Wohlbefinden zu sagen\u2026 Mein Volk kommt um aus Mangel an Erkenntnis, so steht es in Hosea 4 vers 6\u2026 die Bibel fordert uns heraus an Erkenntnis zuzunehmen\u2026 es gibt viele Arten der Erkenntnis und M\u00f6glichkeiten sie sich anzueignen\u2026 hier wollen wir die Erkenntnis \u00fcber Gesunderhaltung und Heilwerden durch eine gute Lebensf\u00fchrung er\u00f6rtern.<\/span><\/p>\n<p>Wenn du krank bist lebst du nicht wirklich\u2026 du existierst\u2026 das will Dein himmlischer Vater durch die Kraft seines Wortes ver\u00e4ndern!<br \/>\nGott der Vater ist so voller Liebe zu Dir und er m\u00f6chte, da\u00df so wie es im 3. Johannesbrief, Kapitel 2 Vers 2 steht, auch in Deinem Leben ist\u2026<\/p>\n<p><strong>Geliebter, ich w\u00fcnsche, da\u00df es Dir in allem wohlgeht, und Du gesund bist wie es Deiner Seele wohlgeht!<\/strong><\/p>\n<p>Du bist etwas ganz Besonderes und sehr wertvoll, dein Vater liebt auch Deinen K\u00f6rper&#8230; er hat Dich ja schlie\u00dflich erschaffen, ER weiss besser was gut und schlecht f\u00fcr Dich ist als Du selbst&#8230; egal wie alt wir sind, m\u00fcssen wir uns eine Haltung von Lernf\u00e4higkeit und Bereitschaft mehr zu erfahren bewahren. Das ist ein Zeichen von Demut, und dadurch flie\u00dft seine Gnade&#8230; seine Gnade verl\u00e4\u00dft uns wenn wir unseren eigenen Willen tun wollen, aber sie kommt und bleibt sobald wir seinen Willen tun&#8230;<br \/>\nso la\u00df uns auch in diesem Bereich umkehren zu einer gesunden Lebensweise, denn das ist Gottes Wille f\u00fcr Dich&#8230; Geliebter, Geliebte&#8230;<\/p>\n<p>Auf den kommenden Seiten werden wir immer neue Themen rund um Wellness (Wohlf\u00fchlen) Ern\u00e4hrung, Sch\u00f6nheitstipps f\u00fcr M\u00e4nnlein und Weiblein beleuchten. Es ist als Motivation und Hilfe zur Selbsthilfe zu sehen. Das Umsetzen Geliebte, Geliebter liegt an Dir selbst!<br \/>\nManche Dinge werden leicht nachzuahmen sein, jedoch wei\u00df ich aus eigener Erfahrung, da\u00df die Macht der Gewohnheit von falscher Lebensf\u00fchrung, Ern\u00e4hrung und Mangel an Bewegung sehr stark sein kann; und damit eine Ver\u00e4nderung auch nicht immer so schnell umsetzbar ist. Aber la\u00df uns beginnen&#8230; und h\u00e4ufig sind es die kleinen scheinbar unwichtigen Dinge, die eine enorme Steigerung an Wohlbefinden ausl\u00f6sen. In meinem eigenen Leben durfte ich das schon des \u00f6fteren Erleben.<br \/>\nEs ist jedoch wichtig, da\u00df Du selbst f\u00fcr Dich Verantwortung \u00fcbernimmst und pr\u00fcfst, wenn notwendig mit Hilfe eines Arztes, was f\u00fcr Deine Bed\u00fcrfnisse gut und erstrebenswert ist. Aufgrund der Bibel und des Vorbildes, das JESUS uns vorgelebt hat, wissen wir, da\u00df Wunder und Heilungen f\u00fcr ihn kein Problem darstellen, auch glaube ich pers\u00f6nlich an die \u00fcbernat\u00fcrliche Heilungskraft Gottes der hier auf Erden durch seinen Geist wirkt. Jedoch ist das nicht Thema dieser Seiten, sondern wir wollen Dich zu mehr Disziplin und Eigenverantwortung ermutigen&#8230; deinen K\u00f6rper und dein ganzes Wesen zu lieben, indem Du gut mit Dir umgehst&#8230;<br \/>\nDazu brauchen wir Gottes Hilfe&#8230; deshalb bete ich gerade jetzt f\u00fcr Dich, der Du diese Zeilen liest&#8230; da\u00df ER Dir Kraft und St\u00e4rke gebe Deine Lebensweise gesund und gut umzugestalten&#8230; er liebt DICH&#8230; deshalb bist Du hier gelandet&#8230;<\/p>\n","protected":false},"excerpt":{"rendered":"<p>Du findest hier Tipps und Wissen zur Erhaltung und Wiederherstellung Deiner Gesundheit\u2026 einfach, umsetzbar und f\u00fcr jeden verst\u00e4ndlich\u2026Jedoch ersetzt dies nicht die Diagnose eines Arztes und wir \u00fcbernehmen keinerlei Verantwortung f\u00fcr eventuelle Nebenwirkungen. Die Bibel hat viel \u00fcber Gesundheit, Ern\u00e4hrung und Wohlbefinden zu sagen\u2026 Mein Volk kommt um aus Mangel an Erkenntnis, so steht es [&hellip;]<\/p>\n","protected":false},"author":3,"featured_media":0,"parent":0,"menu_order":0,"comment_status":"closed","ping_status":"closed","template":"","meta":{"footnotes":""},"class_list":["post-21","page","type-page","status-publish","hentry"],"_links":{"self":[{"href":"https:\/\/wohlergehen.lion-of-judah.net\/index.php?rest_route=\/wp\/v2\/pages\/21","targetHints":{"allow":["GET"]}}],"collection":[{"href":"https:\/\/wohlergehen.lion-of-judah.net\/index.php?rest_route=\/wp\/v2\/pages"}],"about":[{"href":"https:\/\/wohlergehen.lion-of-judah.net\/index.php?rest_route=\/wp\/v2\/types\/page"}],"author":[{"embeddable":true,"href":"https:\/\/wohlergehen.lion-of-judah.net\/index.php?rest_route=\/wp\/v2\/users\/3"}],"replies":[{"embeddable":true,"href":"https:\/\/wohlergehen.lion-of-judah.net\/index.php?rest_route=%2Fwp%2Fv2%2Fcomments&post=21"}],"version-history":[{"count":1,"href":"https:\/\/wohlergehen.lion-of-judah.net\/index.php?rest_route=\/wp\/v2\/pages\/21\/revisions"}],"predecessor-version":[{"id":223,"href":"https:\/\/wohlergehen.lion-of-judah.net\/index.php?rest_route=\/wp\/v2\/pages\/21\/revisions\/223"}],"wp:attachment":[{"href":"https:\/\/wohlergehen.lion-of-judah.net\/index.php?rest_route=%2Fwp%2Fv2%2Fmedia&parent=21"}],"curies":[{"name":"wp","href":"https:\/\/api.w.org\/{rel}","templated":true}]}}